{"id":423,"date":"2023-02-04T17:37:06","date_gmt":"2023-02-04T17:37:06","guid":{"rendered":"https:\/\/www.schoene-restaurator.de\/web02\/?page_id=423"},"modified":"2023-03-14T09:29:02","modified_gmt":"2023-03-14T09:29:02","slug":"impressum","status":"publish","type":"page","link":"https:\/\/www.schoene-restaurator.de\/web02\/impressum\/","title":{"rendered":"Impressum"},"content":{"rendered":"\t\t<div data-elementor-type=\"wp-page\" data-elementor-id=\"423\" class=\"elementor elementor-423\">\n\t\t\t\t\t\t\t\t\t<section class=\"elementor-section elementor-top-section elementor-element elementor-element-ecf7ab0 elementor-section-full_width elementor-section-height-min-height elementor-section-stretched elementor-section-height-default elementor-section-items-middle\" data-id=\"ecf7ab0\" data-element_type=\"section\" data-settings=\"{&quot;stretch_section&quot;:&quot;section-stretched&quot;,&quot;background_background&quot;:&quot;classic&quot;}\">\n\t\t\t\t\t\t\t<div class=\"elementor-background-overlay\"><\/div>\n\t\t\t\t\t\t\t<div class=\"elementor-container elementor-column-gap-no\">\n\t\t\t\t\t<div class=\"elementor-column elementor-col-100 elementor-top-column elementor-element elementor-element-ab87f84\" data-id=\"ab87f84\" data-element_type=\"column\">\n\t\t\t<div class=\"elementor-widget-wrap elementor-element-populated\">\n\t\t\t\t\t\t\t\t<div class=\"elementor-element elementor-element-3d9ef6a elementor-widget elementor-widget-heading\" data-id=\"3d9ef6a\" data-element_type=\"widget\" data-widget_type=\"heading.default\">\n\t\t\t\t<div class=\"elementor-widget-container\">\n\t\t\t<style>\/*! elementor - v3.14.0 - 18-06-2023 *\/\n.elementor-heading-title{padding:0;margin:0;line-height:1}.elementor-widget-heading .elementor-heading-title[class*=elementor-size-]>a{color:inherit;font-size:inherit;line-height:inherit}.elementor-widget-heading .elementor-heading-title.elementor-size-small{font-size:15px}.elementor-widget-heading .elementor-heading-title.elementor-size-medium{font-size:19px}.elementor-widget-heading .elementor-heading-title.elementor-size-large{font-size:29px}.elementor-widget-heading .elementor-heading-title.elementor-size-xl{font-size:39px}.elementor-widget-heading .elementor-heading-title.elementor-size-xxl{font-size:59px}<\/style><h1 class=\"elementor-heading-title elementor-size-xxl\">Impressum<\/h1>\t\t<\/div>\n\t\t\t\t<\/div>\n\t\t\t\t\t<\/div>\n\t\t<\/div>\n\t\t\t\t\t\t\t<\/div>\n\t\t<\/section>\n\t\t\t\t<section class=\"elementor-section elementor-top-section elementor-element elementor-element-f643418 elementor-section-boxed elementor-section-height-default elementor-section-height-default\" data-id=\"f643418\" data-element_type=\"section\" data-settings=\"{&quot;background_background&quot;:&quot;classic&quot;}\">\n\t\t\t\t\t\t<div class=\"elementor-container elementor-column-gap-default\">\n\t\t\t\t\t<div class=\"elementor-column elementor-col-100 elementor-top-column elementor-element elementor-element-0f81bde\" data-id=\"0f81bde\" data-element_type=\"column\">\n\t\t\t<div class=\"elementor-widget-wrap elementor-element-populated\">\n\t\t\t\t\t\t\t\t<div class=\"elementor-element elementor-element-8da585d elementor-widget elementor-widget-toggle\" data-id=\"8da585d\" data-element_type=\"widget\" data-widget_type=\"toggle.default\">\n\t\t\t\t<div class=\"elementor-widget-container\">\n\t\t\t<style>.elementor-toggle{text-align:left}.elementor-toggle .elementor-tab-title{font-weight:700;line-height:1;margin:0;padding:15px;border-bottom:1px solid #d4d4d4;cursor:pointer;outline:none}.elementor-toggle .elementor-tab-title .elementor-toggle-icon{display:inline-block;width:1em}.elementor-toggle .elementor-tab-title .elementor-toggle-icon svg{-webkit-margin-start:-5px;margin-inline-start:-5px;width:1em;height:1em}.elementor-toggle .elementor-tab-title .elementor-toggle-icon.elementor-toggle-icon-right{float:right;text-align:right}.elementor-toggle .elementor-tab-title .elementor-toggle-icon.elementor-toggle-icon-left{float:left;text-align:left}.elementor-toggle .elementor-tab-title .elementor-toggle-icon .elementor-toggle-icon-closed{display:block}.elementor-toggle .elementor-tab-title .elementor-toggle-icon .elementor-toggle-icon-opened{display:none}.elementor-toggle .elementor-tab-title.elementor-active{border-bottom:none}.elementor-toggle .elementor-tab-title.elementor-active .elementor-toggle-icon-closed{display:none}.elementor-toggle .elementor-tab-title.elementor-active .elementor-toggle-icon-opened{display:block}.elementor-toggle .elementor-tab-content{padding:15px;border-bottom:1px solid #d4d4d4;display:none}@media (max-width:767px){.elementor-toggle .elementor-tab-title{padding:12px}.elementor-toggle .elementor-tab-content{padding:12px 10px}}.e-con-inner>.elementor-widget-toggle,.e-con>.elementor-widget-toggle{width:var(--container-widget-width);--flex-grow:var(--container-widget-flex-grow)}<\/style>\t\t<div class=\"elementor-toggle\">\n\t\t\t\t\t\t\t<div class=\"elementor-toggle-item\">\n\t\t\t\t\t<div id=\"elementor-tab-title-1481\" class=\"elementor-tab-title\" data-tab=\"1\" role=\"button\" aria-controls=\"elementor-tab-content-1481\" aria-expanded=\"false\">\n\t\t\t\t\t\t\t\t\t\t\t\t<span class=\"elementor-toggle-icon elementor-toggle-icon-left\" aria-hidden=\"true\">\n\t\t\t\t\t\t\t\t\t\t\t\t\t\t\t<span class=\"elementor-toggle-icon-closed\"><i class=\"fas fa-plus-circle\"><\/i><\/span>\n\t\t\t\t\t\t\t\t<span class=\"elementor-toggle-icon-opened\"><i class=\"elementor-toggle-icon-opened fas fa-minus-circle\"><\/i><\/span>\n\t\t\t\t\t\t\t\t\t\t\t\t\t<\/span>\n\t\t\t\t\t\t\t\t\t\t\t\t<a class=\"elementor-toggle-title\" tabindex=\"0\">Betreiber<\/a>\n\t\t\t\t\t<\/div>\n\n\t\t\t\t\t<div id=\"elementor-tab-content-1481\" class=\"elementor-tab-content elementor-clearfix\" data-tab=\"1\" role=\"region\" aria-labelledby=\"elementor-tab-title-1481\"><p><strong>Dipl.-Restaurator Peter Sch\u00f6ne\u200b<\/strong><\/p>\n<p><br \/>Ulestr. 20<br \/>06114 Halle \/ Saale\u00a0\u00a0<\/p>\n<p>Tel: 0345 3880450<br \/>Mail: mail[at]schoene-restaurator.de<\/p><\/div>\n\t\t\t\t<\/div>\n\t\t\t\t\t\t\t<div class=\"elementor-toggle-item\">\n\t\t\t\t\t<div id=\"elementor-tab-title-1482\" class=\"elementor-tab-title\" data-tab=\"2\" role=\"button\" aria-controls=\"elementor-tab-content-1482\" aria-expanded=\"false\">\n\t\t\t\t\t\t\t\t\t\t\t\t<span class=\"elementor-toggle-icon elementor-toggle-icon-left\" aria-hidden=\"true\">\n\t\t\t\t\t\t\t\t\t\t\t\t\t\t\t<span class=\"elementor-toggle-icon-closed\"><i class=\"fas fa-plus-circle\"><\/i><\/span>\n\t\t\t\t\t\t\t\t<span class=\"elementor-toggle-icon-opened\"><i class=\"elementor-toggle-icon-opened fas fa-minus-circle\"><\/i><\/span>\n\t\t\t\t\t\t\t\t\t\t\t\t\t<\/span>\n\t\t\t\t\t\t\t\t\t\t\t\t<a class=\"elementor-toggle-title\" tabindex=\"0\">Umsatzsteuernummer<\/a>\n\t\t\t\t\t<\/div>\n\n\t\t\t\t\t<div id=\"elementor-tab-content-1482\" class=\"elementor-tab-content elementor-clearfix\" data-tab=\"2\" role=\"region\" aria-labelledby=\"elementor-tab-title-1482\"><p>DE139 701 701<\/p><\/div>\n\t\t\t\t<\/div>\n\t\t\t\t\t\t\t<div class=\"elementor-toggle-item\">\n\t\t\t\t\t<div id=\"elementor-tab-title-1483\" class=\"elementor-tab-title\" data-tab=\"3\" role=\"button\" aria-controls=\"elementor-tab-content-1483\" aria-expanded=\"false\">\n\t\t\t\t\t\t\t\t\t\t\t\t<span class=\"elementor-toggle-icon elementor-toggle-icon-left\" aria-hidden=\"true\">\n\t\t\t\t\t\t\t\t\t\t\t\t\t\t\t<span class=\"elementor-toggle-icon-closed\"><i class=\"fas fa-plus-circle\"><\/i><\/span>\n\t\t\t\t\t\t\t\t<span class=\"elementor-toggle-icon-opened\"><i class=\"elementor-toggle-icon-opened fas fa-minus-circle\"><\/i><\/span>\n\t\t\t\t\t\t\t\t\t\t\t\t\t<\/span>\n\t\t\t\t\t\t\t\t\t\t\t\t<a class=\"elementor-toggle-title\" tabindex=\"0\">Koordination, Redaktion, Aktualisierung<\/a>\n\t\t\t\t\t<\/div>\n\n\t\t\t\t\t<div id=\"elementor-tab-content-1483\" class=\"elementor-tab-content elementor-clearfix\" data-tab=\"3\" role=\"region\" aria-labelledby=\"elementor-tab-title-1483\"><p>Peter Sch\u00f6ne: mail[at]schoene-restaurator.de<br \/>Julia G\u00f6bel: j.goebel[at]schoene-restaurator.de<br \/>Henry Krampitz: h.krampitz[at]schoene-restaurator.de<\/p><\/div>\n\t\t\t\t<\/div>\n\t\t\t\t\t\t\t<div class=\"elementor-toggle-item\">\n\t\t\t\t\t<div id=\"elementor-tab-title-1484\" class=\"elementor-tab-title\" data-tab=\"4\" role=\"button\" aria-controls=\"elementor-tab-content-1484\" aria-expanded=\"false\">\n\t\t\t\t\t\t\t\t\t\t\t\t<span class=\"elementor-toggle-icon elementor-toggle-icon-left\" aria-hidden=\"true\">\n\t\t\t\t\t\t\t\t\t\t\t\t\t\t\t<span class=\"elementor-toggle-icon-closed\"><i class=\"fas fa-plus-circle\"><\/i><\/span>\n\t\t\t\t\t\t\t\t<span class=\"elementor-toggle-icon-opened\"><i class=\"elementor-toggle-icon-opened fas fa-minus-circle\"><\/i><\/span>\n\t\t\t\t\t\t\t\t\t\t\t\t\t<\/span>\n\t\t\t\t\t\t\t\t\t\t\t\t<a class=\"elementor-toggle-title\" tabindex=\"0\">Realisierung<\/a>\n\t\t\t\t\t<\/div>\n\n\t\t\t\t\t<div id=\"elementor-tab-content-1484\" class=\"elementor-tab-content elementor-clearfix\" data-tab=\"4\" role=\"region\" aria-labelledby=\"elementor-tab-title-1484\"><p>Henry Krampitz: h.krampitz[at]schoene-restaurator.de<\/p><\/div>\n\t\t\t\t<\/div>\n\t\t\t\t\t\t\t<div class=\"elementor-toggle-item\">\n\t\t\t\t\t<div id=\"elementor-tab-title-1485\" class=\"elementor-tab-title\" data-tab=\"5\" role=\"button\" aria-controls=\"elementor-tab-content-1485\" aria-expanded=\"false\">\n\t\t\t\t\t\t\t\t\t\t\t\t<span class=\"elementor-toggle-icon elementor-toggle-icon-left\" aria-hidden=\"true\">\n\t\t\t\t\t\t\t\t\t\t\t\t\t\t\t<span class=\"elementor-toggle-icon-closed\"><i class=\"fas fa-plus-circle\"><\/i><\/span>\n\t\t\t\t\t\t\t\t<span class=\"elementor-toggle-icon-opened\"><i class=\"elementor-toggle-icon-opened fas fa-minus-circle\"><\/i><\/span>\n\t\t\t\t\t\t\t\t\t\t\t\t\t<\/span>\n\t\t\t\t\t\t\t\t\t\t\t\t<a class=\"elementor-toggle-title\" tabindex=\"0\">Urheberrecht<\/a>\n\t\t\t\t\t<\/div>\n\n\t\t\t\t\t<div id=\"elementor-tab-content-1485\" class=\"elementor-tab-content elementor-clearfix\" data-tab=\"5\" role=\"region\" aria-labelledby=\"elementor-tab-title-1485\"><p>Die verwendeten Grafiken, Pl\u00e4ne, Fotos, Berichte, Gutachten und Dokumentationen sind urheberrechtlich gesch\u00fctzt. Die Seiten d\u00fcrfen nur zum privaten Gebrauch vervielf\u00e4ltigt werden. \u00c4nderungen und Vervielf\u00e4ltigungen sind nicht zul\u00e4ssig.<\/p><\/div>\n\t\t\t\t<\/div>\n\t\t\t\t\t\t\t<div class=\"elementor-toggle-item\">\n\t\t\t\t\t<div id=\"elementor-tab-title-1486\" class=\"elementor-tab-title\" data-tab=\"6\" role=\"button\" aria-controls=\"elementor-tab-content-1486\" aria-expanded=\"false\">\n\t\t\t\t\t\t\t\t\t\t\t\t<span class=\"elementor-toggle-icon elementor-toggle-icon-left\" aria-hidden=\"true\">\n\t\t\t\t\t\t\t\t\t\t\t\t\t\t\t<span class=\"elementor-toggle-icon-closed\"><i class=\"fas fa-plus-circle\"><\/i><\/span>\n\t\t\t\t\t\t\t\t<span class=\"elementor-toggle-icon-opened\"><i class=\"elementor-toggle-icon-opened fas fa-minus-circle\"><\/i><\/span>\n\t\t\t\t\t\t\t\t\t\t\t\t\t<\/span>\n\t\t\t\t\t\t\t\t\t\t\t\t<a class=\"elementor-toggle-title\" tabindex=\"0\">Haftungsausschluss<\/a>\n\t\t\t\t\t<\/div>\n\n\t\t\t\t\t<div id=\"elementor-tab-content-1486\" class=\"elementor-tab-content elementor-clearfix\" data-tab=\"6\" role=\"region\" aria-labelledby=\"elementor-tab-title-1486\"><p>Alle Angaben meines Internetangebotes wurden sorgf\u00e4ltig gepr\u00fcft. Ich bem\u00fche mich, dieses Informationsangebot aktuell und inhaltlich richtig sowie vollst\u00e4ndig anzubieten. Eine Garantie f\u00fcr die Vollst\u00e4ndigkeit, Richtigkeit und letzte Aktualit\u00e4t kann dennoch nicht \u00fcbernommen werden.<\/p>\n<p><!-- \/wp:paragraph --><\/p>\n<p><!-- wp:paragraph --><\/p>\n<p>Der Betreiber kann diese Website nach eigenem Ermessen jederzeit ohne Ank\u00fcndigung ver\u00e4ndern und \/ oder deren Betrieb einstellen. Er ist nicht verpflichtet, Inhalte dieser Website zu aktualisieren.<\/p>\n<p><!-- \/wp:paragraph --><\/p>\n<p><!-- wp:paragraph --><\/p>\n<p>Der Zugang und die Benutzung dieser Website geschieht auf eigene Gefahr des Benutzers. Der Betreiber ist nicht verantwortlich und \u00fcbernimmt keinerlei Haftung f\u00fcr Sch\u00e4den, u.a. f\u00fcr direkte, indirekte, zuf\u00e4llige, vorab konkret zu bestimmende oder Folgesch\u00e4den, die angeblich durch den oder in Verbindung mit dem Zugang und\/oder der Benutzung dieser Website aufgetreten sind.<\/p>\n<p><!-- \/wp:paragraph --><\/p>\n<p><!-- wp:paragraph --><\/p>\n<p>Der Betreiber \u00fcbernimmt keine Verantwortung f\u00fcr die Inhalte und die Verf\u00fcgbarkeit von Websites Dritter, die \u00fcber externe Links dieses Informationsangebotes erreicht werden. Der Herausgeber distanziert sich ausdr\u00fccklich von allen Inhalten, die m\u00f6glicherweise straf- oder haftungsrechtlich relevant sind oder gegen die guten Sitten versto\u00dfen.<\/p>\n<p><!-- \/wp:paragraph --><\/p>\n<p><!-- wp:paragraph --><\/p>\n<p>Sofern innerhalb des Internetangebotes die M\u00f6glichkeit zur Eingabe pers\u00f6nlicher oder gesch\u00e4ftlicher Daten (E-Mail Adressen, Namen, Anschriften) besteht, so erfolgt die Preisgabe dieser Daten seitens des Nutzers auf ausdr\u00fccklich freiwilliger Basis<\/p><\/div>\n\t\t\t\t<\/div>\n\t\t\t\t\t\t\t\t<\/div>\n\t\t\t\t<\/div>\n\t\t\t\t<\/div>\n\t\t\t\t\t<\/div>\n\t\t<\/div>\n\t\t\t\t\t\t\t<\/div>\n\t\t<\/section>\n\t\t\t\t\t\t\t<\/div>\n\t\t","protected":false},"excerpt":{"rendered":"<p>Impressum Betreiber Dipl.-Restaurator Peter Sch\u00f6ne\u200b Ulestr. 2006114 Halle \/ Saale\u00a0\u00a0 Tel: 0345 3880450Mail: mail[at]schoene-restaurator.de Umsatzsteuernummer DE139 701 701 Koordination, Redaktion, Aktualisierung Peter Sch\u00f6ne: mail[at]schoene-restaurator.deJulia G\u00f6bel: j.goebel[at]schoene-restaurator.deHenry Krampitz: h.krampitz[at]schoene-restaurator.de Realisierung Henry Krampitz: h.krampitz[at]schoene-restaurator.de Urheberrecht Die verwendeten Grafiken, Pl\u00e4ne, Fotos, Berichte, Gutachten und Dokumentationen sind urheberrechtlich gesch\u00fctzt. Die Seiten d\u00fcrfen nur zum privaten Gebrauch vervielf\u00e4ltigt werden. \u00c4nderungen [&hellip;]<\/p>\n","protected":false},"author":1,"featured_media":0,"parent":0,"menu_order":0,"comment_status":"closed","ping_status":"closed","template":"","meta":{"footnotes":""},"class_list":["post-423","page","type-page","status-publish","hentry","entry"],"yoast_head":"<!-- This site is optimized with the Yoast SEO plugin v21.2 - https:\/\/yoast.com\/wordpress\/plugins\/seo\/ -->\n<title>Impressum - Atelier Dipl.-Restaurator Peter Sch\u00f6ne<\/title>\n<meta name=\"description\" content=\"Betreiber dieser Webseite ist Dipl.-Restaurator Peter Sch\u00f6ne, Ulestr. 20, 06114 Halle (Saale). Die verwendeten Grafiken, Pl\u00e4ne, Fotos, Berichte, Gutachten und Dokumentationen sind urheberrechtlich gesch\u00fctzt.\" \/>\n<meta name=\"robots\" content=\"index, follow, max-snippet:-1, max-image-preview:large, max-video-preview:-1\" \/>\n<link rel=\"canonical\" href=\"https:\/\/www.schoene-restaurator.de\/web02\/impressum\/\" \/>\n<meta property=\"og:locale\" content=\"de_DE\" \/>\n<meta property=\"og:type\" content=\"article\" \/>\n<meta property=\"og:title\" content=\"Impressum - Atelier Dipl.-Restaurator Peter Sch\u00f6ne\" \/>\n<meta property=\"og:description\" content=\"Betreiber dieser Webseite ist Dipl.-Restaurator Peter Sch\u00f6ne, Ulestr. 20, 06114 Halle (Saale). Die verwendeten Grafiken, Pl\u00e4ne, Fotos, Berichte, Gutachten und Dokumentationen sind urheberrechtlich gesch\u00fctzt.\" \/>\n<meta property=\"og:url\" content=\"https:\/\/www.schoene-restaurator.de\/web02\/impressum\/\" \/>\n<meta property=\"og:site_name\" content=\"Atelier Dipl.-Restaurator Peter Sch\u00f6ne\" \/>\n<meta property=\"article:modified_time\" content=\"2023-03-14T09:29:02+00:00\" \/>\n<meta name=\"twitter:card\" content=\"summary_large_image\" \/>\n<meta name=\"twitter:label1\" content=\"Gesch\u00e4tzte Lesezeit\" \/>\n\t<meta name=\"twitter:data1\" content=\"2\u00a0Minuten\" \/>\n<script type=\"application\/ld+json\" class=\"yoast-schema-graph\">{\"@context\":\"https:\/\/schema.org\",\"@graph\":[{\"@type\":\"WebPage\",\"@id\":\"https:\/\/www.schoene-restaurator.de\/web02\/impressum\/\",\"url\":\"https:\/\/www.schoene-restaurator.de\/web02\/impressum\/\",\"name\":\"Impressum - Atelier Dipl.-Restaurator Peter Sch\u00f6ne\",\"isPartOf\":{\"@id\":\"https:\/\/www.schoene-restaurator.de\/web02\/#website\"},\"datePublished\":\"2023-02-04T17:37:06+00:00\",\"dateModified\":\"2023-03-14T09:29:02+00:00\",\"description\":\"Betreiber dieser Webseite ist Dipl.-Restaurator Peter Sch\u00f6ne, Ulestr. 20, 06114 Halle (Saale). Die verwendeten Grafiken, Pl\u00e4ne, Fotos, Berichte, Gutachten und Dokumentationen sind urheberrechtlich gesch\u00fctzt.\",\"breadcrumb\":{\"@id\":\"https:\/\/www.schoene-restaurator.de\/web02\/impressum\/#breadcrumb\"},\"inLanguage\":\"de\",\"potentialAction\":[{\"@type\":\"ReadAction\",\"target\":[\"https:\/\/www.schoene-restaurator.de\/web02\/impressum\/\"]}]},{\"@type\":\"BreadcrumbList\",\"@id\":\"https:\/\/www.schoene-restaurator.de\/web02\/impressum\/#breadcrumb\",\"itemListElement\":[{\"@type\":\"ListItem\",\"position\":1,\"name\":\"Home\",\"item\":\"https:\/\/www.schoene-restaurator.de\/web02\/\"},{\"@type\":\"ListItem\",\"position\":2,\"name\":\"Impressum\"}]},{\"@type\":\"WebSite\",\"@id\":\"https:\/\/www.schoene-restaurator.de\/web02\/#website\",\"url\":\"https:\/\/www.schoene-restaurator.de\/web02\/\",\"name\":\"Atelier Dipl.-Restaurator Peter Sch\u00f6ne\",\"description\":\"Atelier f\u00fcr Restaurierung und Fachplanung von Arbeiten an hochwertigen Denkm\u00e4leren und historischen Objekten\",\"publisher\":{\"@id\":\"https:\/\/www.schoene-restaurator.de\/web02\/#organization\"},\"potentialAction\":[{\"@type\":\"SearchAction\",\"target\":{\"@type\":\"EntryPoint\",\"urlTemplate\":\"https:\/\/www.schoene-restaurator.de\/web02\/?s={search_term_string}\"},\"query-input\":\"required name=search_term_string\"}],\"inLanguage\":\"de\"},{\"@type\":\"Organization\",\"@id\":\"https:\/\/www.schoene-restaurator.de\/web02\/#organization\",\"name\":\"Atelier Dipl.-Restaurator Peter Sch\u00f6ne, Halle (Saale)\",\"url\":\"https:\/\/www.schoene-restaurator.de\/web02\/\",\"logo\":{\"@type\":\"ImageObject\",\"inLanguage\":\"de\",\"@id\":\"https:\/\/www.schoene-restaurator.de\/web02\/#\/schema\/logo\/image\/\",\"url\":\"https:\/\/www.schoene-restaurator.de\/web02\/wp-content\/uploads\/2023\/02\/ats_web_logo.jpg\",\"contentUrl\":\"https:\/\/www.schoene-restaurator.de\/web02\/wp-content\/uploads\/2023\/02\/ats_web_logo.jpg\",\"width\":340,\"height\":120,\"caption\":\"Atelier Dipl.-Restaurator Peter Sch\u00f6ne, Halle (Saale)\"},\"image\":{\"@id\":\"https:\/\/www.schoene-restaurator.de\/web02\/#\/schema\/logo\/image\/\"}}]}<\/script>\n<!-- \/ Yoast SEO plugin. -->","yoast_head_json":{"title":"Impressum - Atelier Dipl.-Restaurator Peter Sch\u00f6ne","description":"Betreiber dieser Webseite ist Dipl.-Restaurator Peter Sch\u00f6ne, Ulestr. 20, 06114 Halle (Saale). Die verwendeten Grafiken, Pl\u00e4ne, Fotos, Berichte, Gutachten und Dokumentationen sind urheberrechtlich gesch\u00fctzt.","robots":{"index":"index","follow":"follow","max-snippet":"max-snippet:-1","max-image-preview":"max-image-preview:large","max-video-preview":"max-video-preview:-1"},"canonical":"https:\/\/www.schoene-restaurator.de\/web02\/impressum\/","og_locale":"de_DE","og_type":"article","og_title":"Impressum - Atelier Dipl.-Restaurator Peter Sch\u00f6ne","og_description":"Betreiber dieser Webseite ist Dipl.-Restaurator Peter Sch\u00f6ne, Ulestr. 20, 06114 Halle (Saale). Die verwendeten Grafiken, Pl\u00e4ne, Fotos, Berichte, Gutachten und Dokumentationen sind urheberrechtlich gesch\u00fctzt.","og_url":"https:\/\/www.schoene-restaurator.de\/web02\/impressum\/","og_site_name":"Atelier Dipl.-Restaurator Peter Sch\u00f6ne","article_modified_time":"2023-03-14T09:29:02+00:00","twitter_card":"summary_large_image","twitter_misc":{"Gesch\u00e4tzte Lesezeit":"2\u00a0Minuten"},"schema":{"@context":"https:\/\/schema.org","@graph":[{"@type":"WebPage","@id":"https:\/\/www.schoene-restaurator.de\/web02\/impressum\/","url":"https:\/\/www.schoene-restaurator.de\/web02\/impressum\/","name":"Impressum - Atelier Dipl.-Restaurator Peter Sch\u00f6ne","isPartOf":{"@id":"https:\/\/www.schoene-restaurator.de\/web02\/#website"},"datePublished":"2023-02-04T17:37:06+00:00","dateModified":"2023-03-14T09:29:02+00:00","description":"Betreiber dieser Webseite ist Dipl.-Restaurator Peter Sch\u00f6ne, Ulestr. 20, 06114 Halle (Saale). Die verwendeten Grafiken, Pl\u00e4ne, Fotos, Berichte, Gutachten und Dokumentationen sind urheberrechtlich gesch\u00fctzt.","breadcrumb":{"@id":"https:\/\/www.schoene-restaurator.de\/web02\/impressum\/#breadcrumb"},"inLanguage":"de","potentialAction":[{"@type":"ReadAction","target":["https:\/\/www.schoene-restaurator.de\/web02\/impressum\/"]}]},{"@type":"BreadcrumbList","@id":"https:\/\/www.schoene-restaurator.de\/web02\/impressum\/#breadcrumb","itemListElement":[{"@type":"ListItem","position":1,"name":"Home","item":"https:\/\/www.schoene-restaurator.de\/web02\/"},{"@type":"ListItem","position":2,"name":"Impressum"}]},{"@type":"WebSite","@id":"https:\/\/www.schoene-restaurator.de\/web02\/#website","url":"https:\/\/www.schoene-restaurator.de\/web02\/","name":"Atelier Dipl.-Restaurator Peter Sch\u00f6ne","description":"Atelier f\u00fcr Restaurierung und Fachplanung von Arbeiten an hochwertigen Denkm\u00e4leren und historischen Objekten","publisher":{"@id":"https:\/\/www.schoene-restaurator.de\/web02\/#organization"},"potentialAction":[{"@type":"SearchAction","target":{"@type":"EntryPoint","urlTemplate":"https:\/\/www.schoene-restaurator.de\/web02\/?s={search_term_string}"},"query-input":"required name=search_term_string"}],"inLanguage":"de"},{"@type":"Organization","@id":"https:\/\/www.schoene-restaurator.de\/web02\/#organization","name":"Atelier Dipl.-Restaurator Peter Sch\u00f6ne, Halle (Saale)","url":"https:\/\/www.schoene-restaurator.de\/web02\/","logo":{"@type":"ImageObject","inLanguage":"de","@id":"https:\/\/www.schoene-restaurator.de\/web02\/#\/schema\/logo\/image\/","url":"https:\/\/www.schoene-restaurator.de\/web02\/wp-content\/uploads\/2023\/02\/ats_web_logo.jpg","contentUrl":"https:\/\/www.schoene-restaurator.de\/web02\/wp-content\/uploads\/2023\/02\/ats_web_logo.jpg","width":340,"height":120,"caption":"Atelier Dipl.-Restaurator Peter Sch\u00f6ne, Halle (Saale)"},"image":{"@id":"https:\/\/www.schoene-restaurator.de\/web02\/#\/schema\/logo\/image\/"}}]}},"_links":{"self":[{"href":"https:\/\/www.schoene-restaurator.de\/web02\/wp-json\/wp\/v2\/pages\/423","targetHints":{"allow":["GET"]}}],"collection":[{"href":"https:\/\/www.schoene-restaurator.de\/web02\/wp-json\/wp\/v2\/pages"}],"about":[{"href":"https:\/\/www.schoene-restaurator.de\/web02\/wp-json\/wp\/v2\/types\/page"}],"author":[{"embeddable":true,"href":"https:\/\/www.schoene-restaurator.de\/web02\/wp-json\/wp\/v2\/users\/1"}],"replies":[{"embeddable":true,"href":"https:\/\/www.schoene-restaurator.de\/web02\/wp-json\/wp\/v2\/comments?post=423"}],"version-history":[{"count":54,"href":"https:\/\/www.schoene-restaurator.de\/web02\/wp-json\/wp\/v2\/pages\/423\/revisions"}],"predecessor-version":[{"id":3625,"href":"https:\/\/www.schoene-restaurator.de\/web02\/wp-json\/wp\/v2\/pages\/423\/revisions\/3625"}],"wp:attachment":[{"href":"https:\/\/www.schoene-restaurator.de\/web02\/wp-json\/wp\/v2\/media?parent=423"}],"curies":[{"name":"wp","href":"https:\/\/api.w.org\/{rel}","templated":true}]}}