{"id":441,"date":"2023-01-30T19:47:33","date_gmt":"2023-01-30T19:47:33","guid":{"rendered":"https:\/\/www.schoene-restaurator.de\/web02\/?page_id=441"},"modified":"2023-03-14T09:09:10","modified_gmt":"2023-03-14T09:09:10","slug":"kontakt","status":"publish","type":"page","link":"https:\/\/www.schoene-restaurator.de\/web02\/kontakt\/","title":{"rendered":"Kontakt"},"content":{"rendered":"\t\t<div data-elementor-type=\"wp-page\" data-elementor-id=\"441\" class=\"elementor elementor-441\">\n\t\t\t\t\t\t\t\t\t<section class=\"elementor-section elementor-top-section elementor-element elementor-element-2cbdad98 elementor-section-height-min-height elementor-section-items-top elementor-section-boxed elementor-section-height-default\" data-id=\"2cbdad98\" data-element_type=\"section\" data-settings=\"{&quot;background_background&quot;:&quot;classic&quot;}\">\n\t\t\t\t\t\t\t<div class=\"elementor-background-overlay\"><\/div>\n\t\t\t\t\t\t\t<div class=\"elementor-container elementor-column-gap-custom\">\n\t\t\t\t\t<div class=\"elementor-column elementor-col-50 elementor-top-column elementor-element elementor-element-61311508\" data-id=\"61311508\" data-element_type=\"column\">\n\t\t\t<div class=\"elementor-widget-wrap elementor-element-populated\">\n\t\t\t\t\t\t\t\t<div class=\"elementor-element elementor-element-4b157883 elementor-hidden-mobile elementor-widget elementor-widget-heading\" data-id=\"4b157883\" data-element_type=\"widget\" data-widget_type=\"heading.default\">\n\t\t\t\t<div class=\"elementor-widget-container\">\n\t\t\t<style>\/*! elementor - v3.14.0 - 18-06-2023 *\/\n.elementor-heading-title{padding:0;margin:0;line-height:1}.elementor-widget-heading .elementor-heading-title[class*=elementor-size-]>a{color:inherit;font-size:inherit;line-height:inherit}.elementor-widget-heading .elementor-heading-title.elementor-size-small{font-size:15px}.elementor-widget-heading .elementor-heading-title.elementor-size-medium{font-size:19px}.elementor-widget-heading .elementor-heading-title.elementor-size-large{font-size:29px}.elementor-widget-heading .elementor-heading-title.elementor-size-xl{font-size:39px}.elementor-widget-heading .elementor-heading-title.elementor-size-xxl{font-size:59px}<\/style><h1 class=\"elementor-heading-title elementor-size-default\">&nbsp; <p>Konservierung<br>\nund Restaurierung<br>historischer<br>Objekte<\/p> &nbsp; <\/h1>\t\t<\/div>\n\t\t\t\t<\/div>\n\t\t\t\t\t<\/div>\n\t\t<\/div>\n\t\t\t\t<div class=\"elementor-column elementor-col-50 elementor-top-column elementor-element elementor-element-12d73cc\" data-id=\"12d73cc\" data-element_type=\"column\">\n\t\t\t<div class=\"elementor-widget-wrap elementor-element-populated\">\n\t\t\t\t\t\t\t\t<div class=\"elementor-element elementor-element-5b5c3f1c elementor-widget elementor-widget-heading\" data-id=\"5b5c3f1c\" data-element_type=\"widget\" data-widget_type=\"heading.default\">\n\t\t\t\t<div class=\"elementor-widget-container\">\n\t\t\t<h2 class=\"elementor-heading-title elementor-size-default\">Kontaktdaten<\/h2>\t\t<\/div>\n\t\t\t\t<\/div>\n\t\t\t\t<div class=\"elementor-element elementor-element-ab51d8a elementor-widget elementor-widget-heading\" data-id=\"ab51d8a\" data-element_type=\"widget\" data-widget_type=\"heading.default\">\n\t\t\t\t<div class=\"elementor-widget-container\">\n\t\t\t<h3 class=\"elementor-heading-title elementor-size-default\">Atelier Dipl.-Restaurator Peter Sch\u00f6ne<\/h3>\t\t<\/div>\n\t\t\t\t<\/div>\n\t\t\t\t<div class=\"elementor-element elementor-element-76e0a83d elementor-widget elementor-widget-text-editor\" data-id=\"76e0a83d\" data-element_type=\"widget\" data-widget_type=\"text-editor.default\">\n\t\t\t\t<div class=\"elementor-widget-container\">\n\t\t\t<style>\/*! elementor - v3.14.0 - 18-06-2023 *\/\n.elementor-widget-text-editor.elementor-drop-cap-view-stacked .elementor-drop-cap{background-color:#69727d;color:#fff}.elementor-widget-text-editor.elementor-drop-cap-view-framed .elementor-drop-cap{color:#69727d;border:3px solid;background-color:transparent}.elementor-widget-text-editor:not(.elementor-drop-cap-view-default) .elementor-drop-cap{margin-top:8px}.elementor-widget-text-editor:not(.elementor-drop-cap-view-default) .elementor-drop-cap-letter{width:1em;height:1em}.elementor-widget-text-editor .elementor-drop-cap{float:left;text-align:center;line-height:1;font-size:50px}.elementor-widget-text-editor .elementor-drop-cap-letter{display:inline-block}<\/style>\t\t\t\t<p>Ulestr. 20<br \/>06114 Halle (Saale)<\/p>\t\t\t\t\t\t<\/div>\n\t\t\t\t<\/div>\n\t\t\t\t<div class=\"elementor-element elementor-element-15d5d8ab elementor-widget elementor-widget-text-editor\" data-id=\"15d5d8ab\" data-element_type=\"widget\" data-widget_type=\"text-editor.default\">\n\t\t\t\t<div class=\"elementor-widget-container\">\n\t\t\t\t\t\t\t<p>Telefon: 0345\u00a0 388 04 50<br \/>E-Mail:\u00a0\u00a0 mail[at]schoene-restaurator.de<\/p>\t\t\t\t\t\t<\/div>\n\t\t\t\t<\/div>\n\t\t\t\t\t<\/div>\n\t\t<\/div>\n\t\t\t\t\t\t\t<\/div>\n\t\t<\/section>\n\t\t\t\t\t\t\t<\/div>\n\t\t","protected":false},"excerpt":{"rendered":"<p>&nbsp; Konservierung und RestaurierunghistorischerObjekte &nbsp; Kontaktdaten Atelier Dipl.-Restaurator Peter Sch\u00f6ne Ulestr. 2006114 Halle (Saale) Telefon: 0345\u00a0 388 04 50E-Mail:\u00a0\u00a0 mail[at]schoene-restaurator.de<\/p>\n","protected":false},"author":1,"featured_media":0,"parent":0,"menu_order":0,"comment_status":"closed","ping_status":"closed","template":"","meta":{"footnotes":""},"class_list":["post-441","page","type-page","status-publish","hentry","entry"],"yoast_head":"<!-- This site is optimized with the Yoast SEO plugin v21.2 - https:\/\/yoast.com\/wordpress\/plugins\/seo\/ -->\n<title>Kontakt | Sch\u00f6ne Restauratoren<\/title>\n<meta name=\"description\" content=\"Atelier f\u00fcr Restaurierung und Fachplanung von Arbeiten an hochwertigen Denkm\u00e4leren und historischen Objekten\" \/>\n<meta name=\"robots\" content=\"index, follow, max-snippet:-1, max-image-preview:large, max-video-preview:-1\" \/>\n<link rel=\"canonical\" href=\"https:\/\/www.schoene-restaurator.de\/web02\/kontakt\/\" \/>\n<meta property=\"og:locale\" content=\"de_DE\" \/>\n<meta property=\"og:type\" content=\"article\" \/>\n<meta property=\"og:title\" content=\"Kontakt | Sch\u00f6ne Restauratoren\" \/>\n<meta property=\"og:description\" content=\"Atelier f\u00fcr Restaurierung und Fachplanung von Arbeiten an hochwertigen Denkm\u00e4leren und historischen Objekten\" \/>\n<meta property=\"og:url\" content=\"https:\/\/www.schoene-restaurator.de\/web02\/kontakt\/\" \/>\n<meta property=\"og:site_name\" content=\"Atelier Dipl.-Restaurator Peter Sch\u00f6ne\" \/>\n<meta property=\"article:modified_time\" content=\"2023-03-14T09:09:10+00:00\" \/>\n<meta name=\"twitter:card\" content=\"summary_large_image\" \/>\n<meta name=\"twitter:label1\" content=\"Gesch\u00e4tzte Lesezeit\" \/>\n\t<meta name=\"twitter:data1\" content=\"1\u00a0Minute\" \/>\n<script type=\"application\/ld+json\" class=\"yoast-schema-graph\">{\"@context\":\"https:\/\/schema.org\",\"@graph\":[{\"@type\":\"WebPage\",\"@id\":\"https:\/\/www.schoene-restaurator.de\/web02\/kontakt\/\",\"url\":\"https:\/\/www.schoene-restaurator.de\/web02\/kontakt\/\",\"name\":\"Kontakt | Sch\u00f6ne Restauratoren\",\"isPartOf\":{\"@id\":\"https:\/\/www.schoene-restaurator.de\/web02\/#website\"},\"datePublished\":\"2023-01-30T19:47:33+00:00\",\"dateModified\":\"2023-03-14T09:09:10+00:00\",\"description\":\"Atelier f\u00fcr Restaurierung und Fachplanung von Arbeiten an hochwertigen Denkm\u00e4leren und historischen Objekten\",\"breadcrumb\":{\"@id\":\"https:\/\/www.schoene-restaurator.de\/web02\/kontakt\/#breadcrumb\"},\"inLanguage\":\"de\",\"potentialAction\":[{\"@type\":\"ReadAction\",\"target\":[\"https:\/\/www.schoene-restaurator.de\/web02\/kontakt\/\"]}]},{\"@type\":\"BreadcrumbList\",\"@id\":\"https:\/\/www.schoene-restaurator.de\/web02\/kontakt\/#breadcrumb\",\"itemListElement\":[{\"@type\":\"ListItem\",\"position\":1,\"name\":\"Home\",\"item\":\"https:\/\/www.schoene-restaurator.de\/web02\/\"},{\"@type\":\"ListItem\",\"position\":2,\"name\":\"Kontakt\"}]},{\"@type\":\"WebSite\",\"@id\":\"https:\/\/www.schoene-restaurator.de\/web02\/#website\",\"url\":\"https:\/\/www.schoene-restaurator.de\/web02\/\",\"name\":\"Atelier Dipl.-Restaurator Peter Sch\u00f6ne\",\"description\":\"Atelier f\u00fcr Restaurierung und Fachplanung von Arbeiten an hochwertigen Denkm\u00e4leren und historischen Objekten\",\"publisher\":{\"@id\":\"https:\/\/www.schoene-restaurator.de\/web02\/#organization\"},\"potentialAction\":[{\"@type\":\"SearchAction\",\"target\":{\"@type\":\"EntryPoint\",\"urlTemplate\":\"https:\/\/www.schoene-restaurator.de\/web02\/?s={search_term_string}\"},\"query-input\":\"required name=search_term_string\"}],\"inLanguage\":\"de\"},{\"@type\":\"Organization\",\"@id\":\"https:\/\/www.schoene-restaurator.de\/web02\/#organization\",\"name\":\"Atelier Dipl.-Restaurator Peter Sch\u00f6ne, Halle (Saale)\",\"url\":\"https:\/\/www.schoene-restaurator.de\/web02\/\",\"logo\":{\"@type\":\"ImageObject\",\"inLanguage\":\"de\",\"@id\":\"https:\/\/www.schoene-restaurator.de\/web02\/#\/schema\/logo\/image\/\",\"url\":\"https:\/\/www.schoene-restaurator.de\/web02\/wp-content\/uploads\/2023\/02\/ats_web_logo.jpg\",\"contentUrl\":\"https:\/\/www.schoene-restaurator.de\/web02\/wp-content\/uploads\/2023\/02\/ats_web_logo.jpg\",\"width\":340,\"height\":120,\"caption\":\"Atelier Dipl.-Restaurator Peter Sch\u00f6ne, Halle (Saale)\"},\"image\":{\"@id\":\"https:\/\/www.schoene-restaurator.de\/web02\/#\/schema\/logo\/image\/\"}}]}<\/script>\n<!-- \/ Yoast SEO plugin. -->","yoast_head_json":{"title":"Kontakt | Sch\u00f6ne Restauratoren","description":"Atelier f\u00fcr Restaurierung und Fachplanung von Arbeiten an hochwertigen Denkm\u00e4leren und historischen Objekten","robots":{"index":"index","follow":"follow","max-snippet":"max-snippet:-1","max-image-preview":"max-image-preview:large","max-video-preview":"max-video-preview:-1"},"canonical":"https:\/\/www.schoene-restaurator.de\/web02\/kontakt\/","og_locale":"de_DE","og_type":"article","og_title":"Kontakt | Sch\u00f6ne Restauratoren","og_description":"Atelier f\u00fcr Restaurierung und Fachplanung von Arbeiten an hochwertigen Denkm\u00e4leren und historischen Objekten","og_url":"https:\/\/www.schoene-restaurator.de\/web02\/kontakt\/","og_site_name":"Atelier Dipl.-Restaurator Peter Sch\u00f6ne","article_modified_time":"2023-03-14T09:09:10+00:00","twitter_card":"summary_large_image","twitter_misc":{"Gesch\u00e4tzte Lesezeit":"1\u00a0Minute"},"schema":{"@context":"https:\/\/schema.org","@graph":[{"@type":"WebPage","@id":"https:\/\/www.schoene-restaurator.de\/web02\/kontakt\/","url":"https:\/\/www.schoene-restaurator.de\/web02\/kontakt\/","name":"Kontakt | Sch\u00f6ne Restauratoren","isPartOf":{"@id":"https:\/\/www.schoene-restaurator.de\/web02\/#website"},"datePublished":"2023-01-30T19:47:33+00:00","dateModified":"2023-03-14T09:09:10+00:00","description":"Atelier f\u00fcr Restaurierung und Fachplanung von Arbeiten an hochwertigen Denkm\u00e4leren und historischen Objekten","breadcrumb":{"@id":"https:\/\/www.schoene-restaurator.de\/web02\/kontakt\/#breadcrumb"},"inLanguage":"de","potentialAction":[{"@type":"ReadAction","target":["https:\/\/www.schoene-restaurator.de\/web02\/kontakt\/"]}]},{"@type":"BreadcrumbList","@id":"https:\/\/www.schoene-restaurator.de\/web02\/kontakt\/#breadcrumb","itemListElement":[{"@type":"ListItem","position":1,"name":"Home","item":"https:\/\/www.schoene-restaurator.de\/web02\/"},{"@type":"ListItem","position":2,"name":"Kontakt"}]},{"@type":"WebSite","@id":"https:\/\/www.schoene-restaurator.de\/web02\/#website","url":"https:\/\/www.schoene-restaurator.de\/web02\/","name":"Atelier Dipl.-Restaurator Peter Sch\u00f6ne","description":"Atelier f\u00fcr Restaurierung und Fachplanung von Arbeiten an hochwertigen Denkm\u00e4leren und historischen Objekten","publisher":{"@id":"https:\/\/www.schoene-restaurator.de\/web02\/#organization"},"potentialAction":[{"@type":"SearchAction","target":{"@type":"EntryPoint","urlTemplate":"https:\/\/www.schoene-restaurator.de\/web02\/?s={search_term_string}"},"query-input":"required name=search_term_string"}],"inLanguage":"de"},{"@type":"Organization","@id":"https:\/\/www.schoene-restaurator.de\/web02\/#organization","name":"Atelier Dipl.-Restaurator Peter Sch\u00f6ne, Halle (Saale)","url":"https:\/\/www.schoene-restaurator.de\/web02\/","logo":{"@type":"ImageObject","inLanguage":"de","@id":"https:\/\/www.schoene-restaurator.de\/web02\/#\/schema\/logo\/image\/","url":"https:\/\/www.schoene-restaurator.de\/web02\/wp-content\/uploads\/2023\/02\/ats_web_logo.jpg","contentUrl":"https:\/\/www.schoene-restaurator.de\/web02\/wp-content\/uploads\/2023\/02\/ats_web_logo.jpg","width":340,"height":120,"caption":"Atelier Dipl.-Restaurator Peter Sch\u00f6ne, Halle (Saale)"},"image":{"@id":"https:\/\/www.schoene-restaurator.de\/web02\/#\/schema\/logo\/image\/"}}]}},"_links":{"self":[{"href":"https:\/\/www.schoene-restaurator.de\/web02\/wp-json\/wp\/v2\/pages\/441","targetHints":{"allow":["GET"]}}],"collection":[{"href":"https:\/\/www.schoene-restaurator.de\/web02\/wp-json\/wp\/v2\/pages"}],"about":[{"href":"https:\/\/www.schoene-restaurator.de\/web02\/wp-json\/wp\/v2\/types\/page"}],"author":[{"embeddable":true,"href":"https:\/\/www.schoene-restaurator.de\/web02\/wp-json\/wp\/v2\/users\/1"}],"replies":[{"embeddable":true,"href":"https:\/\/www.schoene-restaurator.de\/web02\/wp-json\/wp\/v2\/comments?post=441"}],"version-history":[{"count":46,"href":"https:\/\/www.schoene-restaurator.de\/web02\/wp-json\/wp\/v2\/pages\/441\/revisions"}],"predecessor-version":[{"id":3617,"href":"https:\/\/www.schoene-restaurator.de\/web02\/wp-json\/wp\/v2\/pages\/441\/revisions\/3617"}],"wp:attachment":[{"href":"https:\/\/www.schoene-restaurator.de\/web02\/wp-json\/wp\/v2\/media?parent=441"}],"curies":[{"name":"wp","href":"https:\/\/api.w.org\/{rel}","templated":true}]}}